{"id":8476,"date":"2020-12-10T08:04:13","date_gmt":"2020-12-22T07:56:55","guid":{"rendered":"http:\/\/creamofwca.wpengine.com\/?post_type=product&#038;p=8476"},"modified":"2024-05-14T00:11:53","modified_gmt":"2024-05-14T00:11:53","slug":"original-instant","status":"publish","type":"product","link":"https:\/\/creamofwheat.ca\/fr_ca\/product\/original-instant\/","title":{"rendered":"Instantan\u00e9e originale"},"content":{"rendered":"<p data-pm-slice=\"1 1 []\">Le m\u00eame bon go\u00fbt et la m\u00eame texture onctueuse de la Cream of Wheat\u00ae \u00e0 cuisson sur le feu, mais avec le c\u00f4t\u00e9 pratique des portions individuelles en sachet. La vari\u00e9t\u00e9 instantan\u00e9e demeure une bonne source de fer et peut facilement \u00eatre pr\u00e9par\u00e9e au micro-ondes ou en y ajoutant simplement de l\u2019eau chaude ou du lait chaud. Personnalisez votre bol en y ajoutant des fruits frais, des pacanes, du granola, des brisures de chocolat ou vos autres garnitures favorites.<\/p>\n","protected":false},"excerpt":{"rendered":"<p>Le m\u00eame bon go\u00fbt et la m\u00eame texture onctueuse de la Cream of Wheat\u00ae \u00e0 cuisson sur le feu, mais avec le c\u00f4t\u00e9 pratique des portions individuelles en sachet. La vari\u00e9t\u00e9 instantan\u00e9e demeure une bonne source de fer et peut facilement \u00eatre pr\u00e9par\u00e9e au micro-ondes ou en y ajoutant simplement de l\u2019eau chaude ou du [&hellip;]<\/p>\n","protected":false},"featured_media":8651,"template":"","meta":{"_acf_changed":false},"product_brand":[],"product_cat":[245],"product_tag":[],"class_list":{"0":"post-8476","1":"product","2":"type-product","3":"status-publish","4":"has-post-thumbnail","6":"product_cat-instantanee","8":"first","9":"instock","10":"shipping-taxable","11":"product-type-variable"},"acf":[],"yoast_head":"<!-- This site is optimized with the Yoast SEO Premium plugin v27.2 (Yoast SEO v27.2) - https:\/\/yoast.com\/product\/yoast-seo-premium-wordpress\/ -->\n<title>Instantan\u00e9e originale - Cream of Wheat\u00ae<\/title>\n<meta name=\"robots\" content=\"index, follow, max-snippet:-1, max-image-preview:large, max-video-preview:-1\" \/>\n<link rel=\"canonical\" href=\"https:\/\/creamofwheat.ca\/fr_ca\/product\/original-instant\/\" \/>\n<meta property=\"og:locale\" content=\"fr_CA\" \/>\n<meta property=\"og:type\" content=\"article\" \/>\n<meta property=\"og:title\" content=\"Instantan\u00e9e originale\" \/>\n<meta property=\"og:description\" content=\"Le m\u00eame bon go\u00fbt et la m\u00eame texture onctueuse de la Cream of Wheat\u00ae \u00e0 cuisson sur le feu, mais avec le c\u00f4t\u00e9 pratique des portions individuelles en sachet. La vari\u00e9t\u00e9 instantan\u00e9e demeure une bonne source de fer et peut facilement \u00eatre pr\u00e9par\u00e9e au micro-ondes ou en y ajoutant simplement de l\u2019eau chaude ou du [&hellip;]\" \/>\n<meta property=\"og:url\" content=\"https:\/\/creamofwheat.ca\/fr_ca\/product\/original-instant\/\" \/>\n<meta property=\"og:site_name\" content=\"Cream of Wheat\u00ae\" \/>\n<meta property=\"article:publisher\" content=\"https:\/\/www.facebook.com\/CreamOfWheatCanada\" \/>\n<meta property=\"article:modified_time\" content=\"2024-05-14T00:11:53+00:00\" \/>\n<meta property=\"og:image\" content=\"https:\/\/creamofwheat.ca\/wp-content\/uploads\/Original-Product-Image.png\" \/>\n\t<meta property=\"og:image:width\" content=\"900\" \/>\n\t<meta property=\"og:image:height\" content=\"900\" \/>\n\t<meta property=\"og:image:type\" content=\"image\/png\" \/>\n<meta name=\"twitter:card\" content=\"summary_large_image\" \/>\n<meta name=\"twitter:label1\" content=\"Estimation du temps de lecture\" \/>\n\t<meta name=\"twitter:data1\" content=\"1 minute\" \/>\n<script type=\"application\/ld+json\" class=\"yoast-schema-graph\">{\"@context\":\"https:\/\/schema.org\",\"@graph\":[{\"@type\":\"WebPage\",\"@id\":\"https:\/\/creamofwheat.ca\/fr_ca\/product\/original-instant\/\",\"url\":\"https:\/\/creamofwheat.ca\/fr_ca\/product\/original-instant\/\",\"name\":\"Instantan\u00e9e originale - Cream of Wheat\u00ae\",\"isPartOf\":{\"@id\":\"https:\/\/creamofwheat.ca\/#website\"},\"primaryImageOfPage\":{\"@id\":\"https:\/\/creamofwheat.ca\/fr_ca\/product\/original-instant\/#primaryimage\"},\"image\":{\"@id\":\"https:\/\/creamofwheat.ca\/fr_ca\/product\/original-instant\/#primaryimage\"},\"thumbnailUrl\":\"https:\/\/creamofwheat.ca\/wp-content\/uploads\/Original-Product-Image.png\",\"datePublished\":\"2020-12-22T07:56:55+00:00\",\"dateModified\":\"2024-05-14T00:11:53+00:00\",\"breadcrumb\":{\"@id\":\"https:\/\/creamofwheat.ca\/fr_ca\/product\/original-instant\/#breadcrumb\"},\"inLanguage\":\"fr-CA\",\"potentialAction\":[{\"@type\":\"ReadAction\",\"target\":[\"https:\/\/creamofwheat.ca\/fr_ca\/product\/original-instant\/\"]}]},{\"@type\":\"ImageObject\",\"inLanguage\":\"fr-CA\",\"@id\":\"https:\/\/creamofwheat.ca\/fr_ca\/product\/original-instant\/#primaryimage\",\"url\":\"https:\/\/creamofwheat.ca\/wp-content\/uploads\/Original-Product-Image.png\",\"contentUrl\":\"https:\/\/creamofwheat.ca\/wp-content\/uploads\/Original-Product-Image.png\",\"width\":900,\"height\":900},{\"@type\":\"BreadcrumbList\",\"@id\":\"https:\/\/creamofwheat.ca\/fr_ca\/product\/original-instant\/#breadcrumb\",\"itemListElement\":[{\"@type\":\"ListItem\",\"position\":1,\"name\":\"Home\",\"item\":\"https:\/\/creamofwheat.ca\/fr_ca\/\"},{\"@type\":\"ListItem\",\"position\":2,\"name\":\"Shop\",\"item\":\"https:\/\/creamofwheat.ca\/shop\/\"},{\"@type\":\"ListItem\",\"position\":3,\"name\":\"Instantan\u00e9e originale\"}]},{\"@type\":\"WebSite\",\"@id\":\"https:\/\/creamofwheat.ca\/#website\",\"url\":\"https:\/\/creamofwheat.ca\/\",\"name\":\"Cream of Wheat\u00ae\",\"description\":\"Cream of Wheat Canada\u00ae\",\"publisher\":{\"@id\":\"https:\/\/creamofwheat.ca\/#organization\"},\"potentialAction\":[{\"@type\":\"SearchAction\",\"target\":{\"@type\":\"EntryPoint\",\"urlTemplate\":\"https:\/\/creamofwheat.ca\/?s={search_term_string}\"},\"query-input\":{\"@type\":\"PropertyValueSpecification\",\"valueRequired\":true,\"valueName\":\"search_term_string\"}}],\"inLanguage\":\"fr-CA\"},{\"@type\":\"Organization\",\"@id\":\"https:\/\/creamofwheat.ca\/#organization\",\"name\":\"Cream of Wheat\u00ae\",\"url\":\"https:\/\/creamofwheat.ca\/\",\"logo\":{\"@type\":\"ImageObject\",\"inLanguage\":\"fr-CA\",\"@id\":\"https:\/\/creamofwheat.ca\/#\/schema\/logo\/image\/\",\"url\":\"https:\/\/creamofwheat.ca\/wp-content\/uploads\/cream-of-wheat.png\",\"contentUrl\":\"https:\/\/creamofwheat.ca\/wp-content\/uploads\/cream-of-wheat.png\",\"width\":400,\"height\":212,\"caption\":\"Cream of Wheat\u00ae\"},\"image\":{\"@id\":\"https:\/\/creamofwheat.ca\/#\/schema\/logo\/image\/\"},\"sameAs\":[\"https:\/\/www.facebook.com\/CreamOfWheatCanada\"]}]}<\/script>\n<!-- \/ Yoast SEO Premium plugin. -->","yoast_head_json":{"title":"Instantan\u00e9e originale - Cream of Wheat\u00ae","robots":{"index":"index","follow":"follow","max-snippet":"max-snippet:-1","max-image-preview":"max-image-preview:large","max-video-preview":"max-video-preview:-1"},"canonical":"https:\/\/creamofwheat.ca\/fr_ca\/product\/original-instant\/","og_locale":"fr_CA","og_type":"article","og_title":"Instantan\u00e9e originale","og_description":"Le m\u00eame bon go\u00fbt et la m\u00eame texture onctueuse de la Cream of Wheat\u00ae \u00e0 cuisson sur le feu, mais avec le c\u00f4t\u00e9 pratique des portions individuelles en sachet. La vari\u00e9t\u00e9 instantan\u00e9e demeure une bonne source de fer et peut facilement \u00eatre pr\u00e9par\u00e9e au micro-ondes ou en y ajoutant simplement de l\u2019eau chaude ou du [&hellip;]","og_url":"https:\/\/creamofwheat.ca\/fr_ca\/product\/original-instant\/","og_site_name":"Cream of Wheat\u00ae","article_publisher":"https:\/\/www.facebook.com\/CreamOfWheatCanada","article_modified_time":"2024-05-14T00:11:53+00:00","og_image":[{"width":900,"height":900,"url":"https:\/\/creamofwheat.ca\/wp-content\/uploads\/Original-Product-Image.png","type":"image\/png"}],"twitter_card":"summary_large_image","twitter_misc":{"Estimation du temps de lecture":"1 minute"},"schema":{"@context":"https:\/\/schema.org","@graph":[{"@type":"WebPage","@id":"https:\/\/creamofwheat.ca\/fr_ca\/product\/original-instant\/","url":"https:\/\/creamofwheat.ca\/fr_ca\/product\/original-instant\/","name":"Instantan\u00e9e originale - Cream of Wheat\u00ae","isPartOf":{"@id":"https:\/\/creamofwheat.ca\/#website"},"primaryImageOfPage":{"@id":"https:\/\/creamofwheat.ca\/fr_ca\/product\/original-instant\/#primaryimage"},"image":{"@id":"https:\/\/creamofwheat.ca\/fr_ca\/product\/original-instant\/#primaryimage"},"thumbnailUrl":"https:\/\/creamofwheat.ca\/wp-content\/uploads\/Original-Product-Image.png","datePublished":"2020-12-22T07:56:55+00:00","dateModified":"2024-05-14T00:11:53+00:00","breadcrumb":{"@id":"https:\/\/creamofwheat.ca\/fr_ca\/product\/original-instant\/#breadcrumb"},"inLanguage":"fr-CA","potentialAction":[{"@type":"ReadAction","target":["https:\/\/creamofwheat.ca\/fr_ca\/product\/original-instant\/"]}]},{"@type":"ImageObject","inLanguage":"fr-CA","@id":"https:\/\/creamofwheat.ca\/fr_ca\/product\/original-instant\/#primaryimage","url":"https:\/\/creamofwheat.ca\/wp-content\/uploads\/Original-Product-Image.png","contentUrl":"https:\/\/creamofwheat.ca\/wp-content\/uploads\/Original-Product-Image.png","width":900,"height":900},{"@type":"BreadcrumbList","@id":"https:\/\/creamofwheat.ca\/fr_ca\/product\/original-instant\/#breadcrumb","itemListElement":[{"@type":"ListItem","position":1,"name":"Home","item":"https:\/\/creamofwheat.ca\/fr_ca\/"},{"@type":"ListItem","position":2,"name":"Shop","item":"https:\/\/creamofwheat.ca\/shop\/"},{"@type":"ListItem","position":3,"name":"Instantan\u00e9e originale"}]},{"@type":"WebSite","@id":"https:\/\/creamofwheat.ca\/#website","url":"https:\/\/creamofwheat.ca\/","name":"Cream of Wheat\u00ae","description":"Cream of Wheat Canada\u00ae","publisher":{"@id":"https:\/\/creamofwheat.ca\/#organization"},"potentialAction":[{"@type":"SearchAction","target":{"@type":"EntryPoint","urlTemplate":"https:\/\/creamofwheat.ca\/?s={search_term_string}"},"query-input":{"@type":"PropertyValueSpecification","valueRequired":true,"valueName":"search_term_string"}}],"inLanguage":"fr-CA"},{"@type":"Organization","@id":"https:\/\/creamofwheat.ca\/#organization","name":"Cream of Wheat\u00ae","url":"https:\/\/creamofwheat.ca\/","logo":{"@type":"ImageObject","inLanguage":"fr-CA","@id":"https:\/\/creamofwheat.ca\/#\/schema\/logo\/image\/","url":"https:\/\/creamofwheat.ca\/wp-content\/uploads\/cream-of-wheat.png","contentUrl":"https:\/\/creamofwheat.ca\/wp-content\/uploads\/cream-of-wheat.png","width":400,"height":212,"caption":"Cream of Wheat\u00ae"},"image":{"@id":"https:\/\/creamofwheat.ca\/#\/schema\/logo\/image\/"},"sameAs":["https:\/\/www.facebook.com\/CreamOfWheatCanada"]}]}},"_links":{"self":[{"href":"https:\/\/creamofwheat.ca\/fr_ca\/wp-json\/wp\/v2\/product\/8476","targetHints":{"allow":["GET"]}}],"collection":[{"href":"https:\/\/creamofwheat.ca\/fr_ca\/wp-json\/wp\/v2\/product"}],"about":[{"href":"https:\/\/creamofwheat.ca\/fr_ca\/wp-json\/wp\/v2\/types\/product"}],"wp:featuredmedia":[{"embeddable":true,"href":"https:\/\/creamofwheat.ca\/fr_ca\/wp-json\/wp\/v2\/media\/8651"}],"wp:attachment":[{"href":"https:\/\/creamofwheat.ca\/fr_ca\/wp-json\/wp\/v2\/media?parent=8476"}],"wp:term":[{"taxonomy":"product_brand","embeddable":true,"href":"https:\/\/creamofwheat.ca\/fr_ca\/wp-json\/wp\/v2\/product_brand?post=8476"},{"taxonomy":"product_cat","embeddable":true,"href":"https:\/\/creamofwheat.ca\/fr_ca\/wp-json\/wp\/v2\/product_cat?post=8476"},{"taxonomy":"product_tag","embeddable":true,"href":"https:\/\/creamofwheat.ca\/fr_ca\/wp-json\/wp\/v2\/product_tag?post=8476"}],"curies":[{"name":"wp","href":"https:\/\/api.w.org\/{rel}","templated":true}]}}