{"id":8465,"date":"2020-12-22T07:22:14","date_gmt":"2020-12-22T07:22:14","guid":{"rendered":"http:\/\/creamofwca.wpengine.com\/?post_type=product&#038;p=8465"},"modified":"2024-05-13T21:50:29","modified_gmt":"2024-05-13T21:50:29","slug":"cream-of-rice-stove-top","status":"publish","type":"product","link":"https:\/\/creamofwheat.ca\/fr_ca\/product\/cream-of-rice-stove-top\/","title":{"rendered":"Cream of Rice \u00e0 mijoter sur le feu"},"content":{"rendered":"<p data-pm-slice=\"1 1 []\">Chaque petit-d\u00e9jeuner est original lorsqu\u2019on le pr\u00e9pare \u00e0 sa fa\u00e7on. Pour un classique d\u2019enfance, un mix frais ou un m\u00e9lange spontan\u00e9 de tout ce qui se trouve dans votre garde-manger, la Cream of Rice\u00ae\u00a0lisse es satisfaisante est l\u2019ingr\u00e9dient de base id\u00e9al pour vos toutes cr\u00e9ations d\u00e9licieuses.<\/p>\n","protected":false},"excerpt":{"rendered":"<p>Chaque petit-d\u00e9jeuner est original lorsqu\u2019on le pr\u00e9pare \u00e0 sa fa\u00e7on. Pour un classique d\u2019enfance, un mix frais ou un m\u00e9lange spontan\u00e9 de tout ce qui se trouve dans votre garde-manger, la Cream of Rice\u00ae\u00a0lisse es satisfaisante est l\u2019ingr\u00e9dient de base id\u00e9al pour vos toutes cr\u00e9ations d\u00e9licieuses.<\/p>\n","protected":false},"featured_media":8655,"template":"","meta":{"_acf_changed":false},"product_brand":[],"product_cat":[246],"product_tag":[],"class_list":{"0":"post-8465","1":"product","2":"type-product","3":"status-publish","4":"has-post-thumbnail","6":"product_cat-sur-la-cuisiniere","8":"first","9":"instock","10":"shipping-taxable","11":"product-type-simple"},"acf":[],"yoast_head":"<!-- This site is optimized with the Yoast SEO Premium plugin v27.2 (Yoast SEO v27.2) - https:\/\/yoast.com\/product\/yoast-seo-premium-wordpress\/ -->\n<title>Cream of Rice \u00e0 mijoter sur le feu - Cream of Wheat\u00ae<\/title>\n<meta name=\"robots\" content=\"index, follow, max-snippet:-1, max-image-preview:large, max-video-preview:-1\" \/>\n<link rel=\"canonical\" href=\"https:\/\/creamofwheat.ca\/fr_ca\/product\/cream-of-rice-stove-top\/\" \/>\n<meta property=\"og:locale\" content=\"fr_CA\" \/>\n<meta property=\"og:type\" content=\"article\" \/>\n<meta property=\"og:title\" content=\"Cream of Rice \u00e0 mijoter sur le feu\" \/>\n<meta property=\"og:description\" content=\"Chaque petit-d\u00e9jeuner est original lorsqu\u2019on le pr\u00e9pare \u00e0 sa fa\u00e7on. Pour un classique d\u2019enfance, un mix frais ou un m\u00e9lange spontan\u00e9 de tout ce qui se trouve dans votre garde-manger, la Cream of Rice\u00ae\u00a0lisse es satisfaisante est l\u2019ingr\u00e9dient de base id\u00e9al pour vos toutes cr\u00e9ations d\u00e9licieuses.\" \/>\n<meta property=\"og:url\" content=\"https:\/\/creamofwheat.ca\/fr_ca\/product\/cream-of-rice-stove-top\/\" \/>\n<meta property=\"og:site_name\" content=\"Cream of Wheat\u00ae\" \/>\n<meta property=\"article:publisher\" content=\"https:\/\/www.facebook.com\/CreamOfWheatCanada\" \/>\n<meta property=\"article:modified_time\" content=\"2024-05-13T21:50:29+00:00\" \/>\n<meta property=\"og:image\" content=\"https:\/\/creamofwheat.ca\/wp-content\/uploads\/Cream-of-Rice-Product-Image.png\" \/>\n\t<meta property=\"og:image:width\" content=\"900\" \/>\n\t<meta property=\"og:image:height\" content=\"900\" \/>\n\t<meta property=\"og:image:type\" content=\"image\/png\" \/>\n<meta name=\"twitter:card\" content=\"summary_large_image\" \/>\n<meta name=\"twitter:label1\" content=\"Estimation du temps de lecture\" \/>\n\t<meta name=\"twitter:data1\" content=\"1 minute\" \/>\n<script type=\"application\/ld+json\" class=\"yoast-schema-graph\">{\"@context\":\"https:\/\/schema.org\",\"@graph\":[{\"@type\":\"WebPage\",\"@id\":\"https:\/\/creamofwheat.ca\/fr_ca\/product\/cream-of-rice-stove-top\/\",\"url\":\"https:\/\/creamofwheat.ca\/fr_ca\/product\/cream-of-rice-stove-top\/\",\"name\":\"Cream of Rice \u00e0 mijoter sur le feu - Cream of Wheat\u00ae\",\"isPartOf\":{\"@id\":\"https:\/\/creamofwheat.ca\/#website\"},\"primaryImageOfPage\":{\"@id\":\"https:\/\/creamofwheat.ca\/fr_ca\/product\/cream-of-rice-stove-top\/#primaryimage\"},\"image\":{\"@id\":\"https:\/\/creamofwheat.ca\/fr_ca\/product\/cream-of-rice-stove-top\/#primaryimage\"},\"thumbnailUrl\":\"https:\/\/creamofwheat.ca\/wp-content\/uploads\/Cream-of-Rice-Product-Image.png\",\"datePublished\":\"2020-12-22T07:22:14+00:00\",\"dateModified\":\"2024-05-13T21:50:29+00:00\",\"breadcrumb\":{\"@id\":\"https:\/\/creamofwheat.ca\/fr_ca\/product\/cream-of-rice-stove-top\/#breadcrumb\"},\"inLanguage\":\"fr-CA\",\"potentialAction\":[{\"@type\":\"ReadAction\",\"target\":[\"https:\/\/creamofwheat.ca\/fr_ca\/product\/cream-of-rice-stove-top\/\"]}]},{\"@type\":\"ImageObject\",\"inLanguage\":\"fr-CA\",\"@id\":\"https:\/\/creamofwheat.ca\/fr_ca\/product\/cream-of-rice-stove-top\/#primaryimage\",\"url\":\"https:\/\/creamofwheat.ca\/wp-content\/uploads\/Cream-of-Rice-Product-Image.png\",\"contentUrl\":\"https:\/\/creamofwheat.ca\/wp-content\/uploads\/Cream-of-Rice-Product-Image.png\",\"width\":900,\"height\":900},{\"@type\":\"BreadcrumbList\",\"@id\":\"https:\/\/creamofwheat.ca\/fr_ca\/product\/cream-of-rice-stove-top\/#breadcrumb\",\"itemListElement\":[{\"@type\":\"ListItem\",\"position\":1,\"name\":\"Home\",\"item\":\"https:\/\/creamofwheat.ca\/fr_ca\/\"},{\"@type\":\"ListItem\",\"position\":2,\"name\":\"Shop\",\"item\":\"https:\/\/creamofwheat.ca\/shop\/\"},{\"@type\":\"ListItem\",\"position\":3,\"name\":\"Cream of Rice \u00e0 mijoter sur le feu\"}]},{\"@type\":\"WebSite\",\"@id\":\"https:\/\/creamofwheat.ca\/#website\",\"url\":\"https:\/\/creamofwheat.ca\/\",\"name\":\"Cream of Wheat\u00ae\",\"description\":\"Cream of Wheat Canada\u00ae\",\"publisher\":{\"@id\":\"https:\/\/creamofwheat.ca\/#organization\"},\"potentialAction\":[{\"@type\":\"SearchAction\",\"target\":{\"@type\":\"EntryPoint\",\"urlTemplate\":\"https:\/\/creamofwheat.ca\/?s={search_term_string}\"},\"query-input\":{\"@type\":\"PropertyValueSpecification\",\"valueRequired\":true,\"valueName\":\"search_term_string\"}}],\"inLanguage\":\"fr-CA\"},{\"@type\":\"Organization\",\"@id\":\"https:\/\/creamofwheat.ca\/#organization\",\"name\":\"Cream of Wheat\u00ae\",\"url\":\"https:\/\/creamofwheat.ca\/\",\"logo\":{\"@type\":\"ImageObject\",\"inLanguage\":\"fr-CA\",\"@id\":\"https:\/\/creamofwheat.ca\/#\/schema\/logo\/image\/\",\"url\":\"https:\/\/creamofwheat.ca\/wp-content\/uploads\/cream-of-wheat.png\",\"contentUrl\":\"https:\/\/creamofwheat.ca\/wp-content\/uploads\/cream-of-wheat.png\",\"width\":400,\"height\":212,\"caption\":\"Cream of Wheat\u00ae\"},\"image\":{\"@id\":\"https:\/\/creamofwheat.ca\/#\/schema\/logo\/image\/\"},\"sameAs\":[\"https:\/\/www.facebook.com\/CreamOfWheatCanada\"]}]}<\/script>\n<!-- \/ Yoast SEO Premium plugin. -->","yoast_head_json":{"title":"Cream of Rice \u00e0 mijoter sur le feu - Cream of Wheat\u00ae","robots":{"index":"index","follow":"follow","max-snippet":"max-snippet:-1","max-image-preview":"max-image-preview:large","max-video-preview":"max-video-preview:-1"},"canonical":"https:\/\/creamofwheat.ca\/fr_ca\/product\/cream-of-rice-stove-top\/","og_locale":"fr_CA","og_type":"article","og_title":"Cream of Rice \u00e0 mijoter sur le feu","og_description":"Chaque petit-d\u00e9jeuner est original lorsqu\u2019on le pr\u00e9pare \u00e0 sa fa\u00e7on. Pour un classique d\u2019enfance, un mix frais ou un m\u00e9lange spontan\u00e9 de tout ce qui se trouve dans votre garde-manger, la Cream of Rice\u00ae\u00a0lisse es satisfaisante est l\u2019ingr\u00e9dient de base id\u00e9al pour vos toutes cr\u00e9ations d\u00e9licieuses.","og_url":"https:\/\/creamofwheat.ca\/fr_ca\/product\/cream-of-rice-stove-top\/","og_site_name":"Cream of Wheat\u00ae","article_publisher":"https:\/\/www.facebook.com\/CreamOfWheatCanada","article_modified_time":"2024-05-13T21:50:29+00:00","og_image":[{"width":900,"height":900,"url":"https:\/\/creamofwheat.ca\/wp-content\/uploads\/Cream-of-Rice-Product-Image.png","type":"image\/png"}],"twitter_card":"summary_large_image","twitter_misc":{"Estimation du temps de lecture":"1 minute"},"schema":{"@context":"https:\/\/schema.org","@graph":[{"@type":"WebPage","@id":"https:\/\/creamofwheat.ca\/fr_ca\/product\/cream-of-rice-stove-top\/","url":"https:\/\/creamofwheat.ca\/fr_ca\/product\/cream-of-rice-stove-top\/","name":"Cream of Rice \u00e0 mijoter sur le feu - Cream of Wheat\u00ae","isPartOf":{"@id":"https:\/\/creamofwheat.ca\/#website"},"primaryImageOfPage":{"@id":"https:\/\/creamofwheat.ca\/fr_ca\/product\/cream-of-rice-stove-top\/#primaryimage"},"image":{"@id":"https:\/\/creamofwheat.ca\/fr_ca\/product\/cream-of-rice-stove-top\/#primaryimage"},"thumbnailUrl":"https:\/\/creamofwheat.ca\/wp-content\/uploads\/Cream-of-Rice-Product-Image.png","datePublished":"2020-12-22T07:22:14+00:00","dateModified":"2024-05-13T21:50:29+00:00","breadcrumb":{"@id":"https:\/\/creamofwheat.ca\/fr_ca\/product\/cream-of-rice-stove-top\/#breadcrumb"},"inLanguage":"fr-CA","potentialAction":[{"@type":"ReadAction","target":["https:\/\/creamofwheat.ca\/fr_ca\/product\/cream-of-rice-stove-top\/"]}]},{"@type":"ImageObject","inLanguage":"fr-CA","@id":"https:\/\/creamofwheat.ca\/fr_ca\/product\/cream-of-rice-stove-top\/#primaryimage","url":"https:\/\/creamofwheat.ca\/wp-content\/uploads\/Cream-of-Rice-Product-Image.png","contentUrl":"https:\/\/creamofwheat.ca\/wp-content\/uploads\/Cream-of-Rice-Product-Image.png","width":900,"height":900},{"@type":"BreadcrumbList","@id":"https:\/\/creamofwheat.ca\/fr_ca\/product\/cream-of-rice-stove-top\/#breadcrumb","itemListElement":[{"@type":"ListItem","position":1,"name":"Home","item":"https:\/\/creamofwheat.ca\/fr_ca\/"},{"@type":"ListItem","position":2,"name":"Shop","item":"https:\/\/creamofwheat.ca\/shop\/"},{"@type":"ListItem","position":3,"name":"Cream of Rice \u00e0 mijoter sur le feu"}]},{"@type":"WebSite","@id":"https:\/\/creamofwheat.ca\/#website","url":"https:\/\/creamofwheat.ca\/","name":"Cream of Wheat\u00ae","description":"Cream of Wheat Canada\u00ae","publisher":{"@id":"https:\/\/creamofwheat.ca\/#organization"},"potentialAction":[{"@type":"SearchAction","target":{"@type":"EntryPoint","urlTemplate":"https:\/\/creamofwheat.ca\/?s={search_term_string}"},"query-input":{"@type":"PropertyValueSpecification","valueRequired":true,"valueName":"search_term_string"}}],"inLanguage":"fr-CA"},{"@type":"Organization","@id":"https:\/\/creamofwheat.ca\/#organization","name":"Cream of Wheat\u00ae","url":"https:\/\/creamofwheat.ca\/","logo":{"@type":"ImageObject","inLanguage":"fr-CA","@id":"https:\/\/creamofwheat.ca\/#\/schema\/logo\/image\/","url":"https:\/\/creamofwheat.ca\/wp-content\/uploads\/cream-of-wheat.png","contentUrl":"https:\/\/creamofwheat.ca\/wp-content\/uploads\/cream-of-wheat.png","width":400,"height":212,"caption":"Cream of Wheat\u00ae"},"image":{"@id":"https:\/\/creamofwheat.ca\/#\/schema\/logo\/image\/"},"sameAs":["https:\/\/www.facebook.com\/CreamOfWheatCanada"]}]}},"_links":{"self":[{"href":"https:\/\/creamofwheat.ca\/fr_ca\/wp-json\/wp\/v2\/product\/8465","targetHints":{"allow":["GET"]}}],"collection":[{"href":"https:\/\/creamofwheat.ca\/fr_ca\/wp-json\/wp\/v2\/product"}],"about":[{"href":"https:\/\/creamofwheat.ca\/fr_ca\/wp-json\/wp\/v2\/types\/product"}],"wp:featuredmedia":[{"embeddable":true,"href":"https:\/\/creamofwheat.ca\/fr_ca\/wp-json\/wp\/v2\/media\/8655"}],"wp:attachment":[{"href":"https:\/\/creamofwheat.ca\/fr_ca\/wp-json\/wp\/v2\/media?parent=8465"}],"wp:term":[{"taxonomy":"product_brand","embeddable":true,"href":"https:\/\/creamofwheat.ca\/fr_ca\/wp-json\/wp\/v2\/product_brand?post=8465"},{"taxonomy":"product_cat","embeddable":true,"href":"https:\/\/creamofwheat.ca\/fr_ca\/wp-json\/wp\/v2\/product_cat?post=8465"},{"taxonomy":"product_tag","embeddable":true,"href":"https:\/\/creamofwheat.ca\/fr_ca\/wp-json\/wp\/v2\/product_tag?post=8465"}],"curies":[{"name":"wp","href":"https:\/\/api.w.org\/{rel}","templated":true}]}}