{"id":8123,"date":"2020-10-14T15:43:09","date_gmt":"2020-10-14T15:43:09","guid":{"rendered":"http:\/\/creamofwca.wpengine.com\/home\/"},"modified":"2021-04-23T15:53:23","modified_gmt":"2021-04-23T15:53:23","slug":"home","status":"publish","type":"page","link":"https:\/\/creamofwheat.ca\/fr_ca\/","title":{"rendered":"Home"},"content":{"rendered":"\t\t<div data-elementor-type=\"wp-page\" data-elementor-id=\"8123\" class=\"elementor elementor-8123 elementor-7850\" data-elementor-post-type=\"page\">\n\t\t\t\t\t\t<section class=\"elementor-section elementor-top-section elementor-element elementor-element-404845f4 elementor-section-stretched elementor-section-boxed elementor-section-height-default elementor-section-height-default\" data-id=\"404845f4\" data-element_type=\"section\" data-e-type=\"section\" data-settings=\"{&quot;background_background&quot;:&quot;classic&quot;,&quot;stretch_section&quot;:&quot;section-stretched&quot;}\">\n\t\t\t\t\t\t\t<div class=\"elementor-background-overlay\"><\/div>\n\t\t\t\t\t\t\t<div class=\"elementor-container elementor-column-gap-default\">\n\t\t\t\t\t<div class=\"elementor-column elementor-col-100 elementor-top-column elementor-element elementor-element-214f5fc0\" data-id=\"214f5fc0\" data-element_type=\"column\" data-e-type=\"column\" data-settings=\"{&quot;background_background&quot;:&quot;classic&quot;}\">\n\t\t\t<div class=\"elementor-widget-wrap elementor-element-populated\">\n\t\t\t\t\t\t<section class=\"elementor-section elementor-inner-section elementor-element elementor-element-2b1ae8af elementor-section-full_width elementor-section-height-default elementor-section-height-default\" data-id=\"2b1ae8af\" data-element_type=\"section\" data-e-type=\"section\">\n\t\t\t\t\t\t<div class=\"elementor-container elementor-column-gap-default\">\n\t\t\t\t\t<div class=\"elementor-column elementor-col-50 elementor-inner-column elementor-element elementor-element-3e4fa9f3\" data-id=\"3e4fa9f3\" data-element_type=\"column\" data-e-type=\"column\">\n\t\t\t<div class=\"elementor-widget-wrap elementor-element-populated\">\n\t\t\t\t\t\t<div class=\"elementor-element elementor-element-4b15faa8 elementor-widget elementor-widget-heading\" data-id=\"4b15faa8\" data-element_type=\"widget\" data-e-type=\"widget\" data-widget_type=\"heading.default\">\n\t\t\t\t<div class=\"elementor-widget-container\">\n\t\t\t\t\t<h1 class=\"elementor-heading-title elementor-size-default\">Vos matins ne seront plus jamais les m\u00eames.<\/h1>\t\t\t\t<\/div>\n\t\t\t\t<\/div>\n\t\t\t\t<div class=\"elementor-element elementor-element-23b670e5 elementor-widget elementor-widget-text-editor\" data-id=\"23b670e5\" data-element_type=\"widget\" data-e-type=\"widget\" data-widget_type=\"text-editor.default\">\n\t\t\t\t<div class=\"elementor-widget-container\">\n\t\t\t\t\t\t\t\t\t<p>Cream of Wheat<sup>MD<\/sup>. Un aliment tout simplement d\u00e9licieux qui r\u00e9chauffe et nourrit le corps et l\u2019esprit.<\/p>\n\t\t\t\t\t\t\t\t<\/div>\n\t\t\t\t<\/div>\n\t\t\t\t\t<\/div>\n\t\t<\/div>\n\t\t\t\t<div class=\"elementor-column elementor-col-50 elementor-inner-column elementor-element elementor-element-29d55b8\" data-id=\"29d55b8\" data-element_type=\"column\" data-e-type=\"column\">\n\t\t\t<div class=\"elementor-widget-wrap\">\n\t\t\t\t\t\t\t<\/div>\n\t\t<\/div>\n\t\t\t\t\t<\/div>\n\t\t<\/section>\n\t\t\t\t\t<\/div>\n\t\t<\/div>\n\t\t\t\t\t<\/div>\n\t\t<\/section>\n\t\t\t\t<section class=\"elementor-section elementor-top-section elementor-element elementor-element-74b92209 elementor-section-full_width elementor-section-height-default elementor-section-height-default\" data-id=\"74b92209\" data-element_type=\"section\" data-e-type=\"section\">\n\t\t\t\t\t\t<div class=\"elementor-container elementor-column-gap-default\">\n\t\t\t\t\t<div class=\"elementor-column elementor-col-100 elementor-top-column elementor-element elementor-element-39c0618b\" data-id=\"39c0618b\" data-element_type=\"column\" data-e-type=\"column\">\n\t\t\t<div class=\"elementor-widget-wrap elementor-element-populated\">\n\t\t\t\t\t\t<div class=\"elementor-element elementor-element-298add9 elementor-align-center elementor-icon-list--layout-traditional elementor-list-item-link-full_width elementor-widget elementor-widget-icon-list\" data-id=\"298add9\" data-element_type=\"widget\" data-e-type=\"widget\" data-widget_type=\"icon-list.default\">\n\t\t\t\t<div class=\"elementor-widget-container\">\n\t\t\t\t\t\t\t<ul class=\"elementor-icon-list-items\">\n\t\t\t\t\t\t\t<li class=\"elementor-icon-list-item\">\n\t\t\t\t\t\t\t\t\t\t\t<span class=\"elementor-icon-list-icon\">\n\t\t\t\t\t\t\t<svg xmlns=\"http:\/\/www.w3.org\/2000\/svg\" viewBox=\"0 0 16 16\"><path d=\"M10.3 8.7c.1.1.4.1.5-.1 0 .1.1.1.1.2v3.5c0 .5-.3 2.8.6 2.5.5-.2.2-2.5.2-2.9V8.7c0 .2.2.4.4.4h-1.4c-.2 0-.3-.2-.4-.4zm.6-.4h.8V.7l.4.4C9.8 1 9.3 7 10.7 8c.1.1.2.2.2.3zm1.6.4c0 1.9.1 3.8 0 5.7 0 .9-.3 1.2-1.2 1.2s-1.2-.2-1.3-1.2c-.1-1.8 0-3.7 0-5.5 0-.1 0-.2.1-.3C8.7 7.5 9 5.6 9.3 4S10.1.3 12.1.3c.2 0 .4.2.4.4v8zM5.4 7V5.8c-.6-.2-1.4-.6-1.6-1-.1-.6-.1-1.1-.1-1.7V.9c0-.2.2-.4.4-.4s.4.2.4.4v3.6c.3.2.6.3.9.4V.8c0-.2.2-.4.4-.4s.4.2.4.4V5c.8-.2.7-.9.7-1.7V.6c0-.2.2-.4.4-.4s.4.2.4.4v2.3c.1.7.1 1.3 0 2-.1.5-.9.8-1.5.9v1.3c.8.2.8.7.9 2.2v3.9c.1.7 0 1.4-.3 2-.4.6-1.2.8-1.8.3l-.3-.3c-.4-.8-.1-2.2-.1-3V7.7c0-1.2.7-.5.7 0l.1 3.8c0 .5-.1 2.6-.1 2.6 0 .9.6 1.1 1 .6.2-.2.1-.9.1-1 0-.9-.1-2.4-.1-3.4V7.7c-.4-.2-.9 0-1.2 0-.2 0-.4-.2-.4-.4s.2-.3.4-.3h.3z\" fill=\"#f26945\"><\/path><\/svg>\t\t\t\t\t\t<\/span>\n\t\t\t\t\t\t\t\t\t\t<span class=\"elementor-icon-list-text\">Trouver votre saveur<\/span>\n\t\t\t\t\t\t\t\t\t<\/li>\n\t\t\t\t\t\t<\/ul>\n\t\t\t\t\t\t<\/div>\n\t\t\t\t<\/div>\n\t\t\t\t<div class=\"elementor-element elementor-element-a455296 elementor-widget elementor-widget-text-editor\" data-id=\"a455296\" data-element_type=\"widget\" data-e-type=\"widget\" data-widget_type=\"text-editor.default\">\n\t\t\t\t<div class=\"elementor-widget-container\">\n\t\t\t\t\t\t\t\t\t<p>Nos saveurs sauront satisfaire toutes les fringales et humeurs, quel que soit votre horaire. De la version \u00e0 mijoter sur le feu \u00e0 celle pr\u00eate en quelques minutes au micro-ondes, vous trouverez la Cream of Wheat qui vous convient!<\/p>\n\t\t\t\t\t\t\t\t<\/div>\n\t\t\t\t<\/div>\n\t\t\t\t<section class=\"elementor-section elementor-inner-section elementor-element elementor-element-0fa9f81 elementor-section-boxed elementor-section-height-default elementor-section-height-default\" data-id=\"0fa9f81\" data-element_type=\"section\" data-e-type=\"section\">\n\t\t\t\t\t\t<div class=\"elementor-container elementor-column-gap-default\">\n\t\t\t\t\t<div class=\"elementor-column elementor-col-33 elementor-inner-column elementor-element elementor-element-de715a7\" data-id=\"de715a7\" data-element_type=\"column\" data-e-type=\"column\">\n\t\t\t<div class=\"elementor-widget-wrap elementor-element-populated\">\n\t\t\t\t\t\t<div class=\"elementor-element elementor-element-fbce1e1 elementor-align-center elementor-widget elementor-widget-button\" data-id=\"fbce1e1\" data-element_type=\"widget\" data-e-type=\"widget\" data-widget_type=\"button.default\">\n\t\t\t\t<div class=\"elementor-widget-container\">\n\t\t\t\t\t\t\t\t\t<div class=\"elementor-button-wrapper\">\n\t\t\t\t\t<a class=\"elementor-button elementor-button-link elementor-size-sm\" href=\"http:\/\/creamofwca.wpengine.com\/fr_ca\/products\/#instant\">\n\t\t\t\t\t\t<span class=\"elementor-button-content-wrapper\">\n\t\t\t\t\t\t\t\t\t<span class=\"elementor-button-text\">INSTANTAN\u00c9E<\/span>\n\t\t\t\t\t<\/span>\n\t\t\t\t\t<\/a>\n\t\t\t\t<\/div>\n\t\t\t\t\t\t\t\t<\/div>\n\t\t\t\t<\/div>\n\t\t\t\t\t<\/div>\n\t\t<\/div>\n\t\t\t\t<div class=\"elementor-column elementor-col-33 elementor-inner-column elementor-element elementor-element-7b30695\" data-id=\"7b30695\" data-element_type=\"column\" data-e-type=\"column\">\n\t\t\t<div class=\"elementor-widget-wrap elementor-element-populated\">\n\t\t\t\t\t\t<div class=\"elementor-element elementor-element-b710d86 elementor-align-center elementor-widget elementor-widget-button\" data-id=\"b710d86\" data-element_type=\"widget\" data-e-type=\"widget\" data-widget_type=\"button.default\">\n\t\t\t\t<div class=\"elementor-widget-container\">\n\t\t\t\t\t\t\t\t\t<div class=\"elementor-button-wrapper\">\n\t\t\t\t\t<a class=\"elementor-button elementor-button-link elementor-size-sm\" href=\"http:\/\/creamofwca.wpengine.com\/fr_ca\/products\/#stove-top\">\n\t\t\t\t\t\t<span class=\"elementor-button-content-wrapper\">\n\t\t\t\t\t\t\t\t\t<span class=\"elementor-button-text\">SUR LA CUISINI\u00c8RE<\/span>\n\t\t\t\t\t<\/span>\n\t\t\t\t\t<\/a>\n\t\t\t\t<\/div>\n\t\t\t\t\t\t\t\t<\/div>\n\t\t\t\t<\/div>\n\t\t\t\t\t<\/div>\n\t\t<\/div>\n\t\t\t\t<div class=\"elementor-column elementor-col-33 elementor-inner-column elementor-element elementor-element-28a59d1\" data-id=\"28a59d1\" data-element_type=\"column\" data-e-type=\"column\">\n\t\t\t<div class=\"elementor-widget-wrap elementor-element-populated\">\n\t\t\t\t\t\t<div class=\"elementor-element elementor-element-42f1910 elementor-align-center elementor-widget elementor-widget-button\" data-id=\"42f1910\" data-element_type=\"widget\" data-e-type=\"widget\" data-widget_type=\"button.default\">\n\t\t\t\t<div class=\"elementor-widget-container\">\n\t\t\t\t\t\t\t\t\t<div class=\"elementor-button-wrapper\">\n\t\t\t\t\t<a class=\"elementor-button elementor-button-link elementor-size-sm\" href=\"http:\/\/creamofwca.wpengine.com\/fr_ca\/products\/\">\n\t\t\t\t\t\t<span class=\"elementor-button-content-wrapper\">\n\t\t\t\t\t\t\t\t\t<span class=\"elementor-button-text\">VOIR TOUTES LES PRODUITS<\/span>\n\t\t\t\t\t<\/span>\n\t\t\t\t\t<\/a>\n\t\t\t\t<\/div>\n\t\t\t\t\t\t\t\t<\/div>\n\t\t\t\t<\/div>\n\t\t\t\t\t<\/div>\n\t\t<\/div>\n\t\t\t\t\t<\/div>\n\t\t<\/section>\n\t\t\t\t<section class=\"elementor-section elementor-inner-section elementor-element elementor-element-f3cb269 elementor-section-boxed elementor-section-height-default elementor-section-height-default\" data-id=\"f3cb269\" data-element_type=\"section\" data-e-type=\"section\">\n\t\t\t\t\t\t<div class=\"elementor-container elementor-column-gap-default\">\n\t\t\t\t\t<div class=\"elementor-column elementor-col-100 elementor-inner-column elementor-element elementor-element-9279347\" data-id=\"9279347\" data-element_type=\"column\" data-e-type=\"column\">\n\t\t\t<div class=\"elementor-widget-wrap\">\n\t\t\t\t\t\t\t<\/div>\n\t\t<\/div>\n\t\t\t\t\t<\/div>\n\t\t<\/section>\n\t\t\t\t\t<\/div>\n\t\t<\/div>\n\t\t\t\t\t<\/div>\n\t\t<\/section>\n\t\t\t\t<section class=\"elementor-section elementor-top-section elementor-element elementor-element-6d740013 elementor-section-full_width elementor-section-height-default elementor-section-height-default\" data-id=\"6d740013\" data-element_type=\"section\" data-e-type=\"section\">\n\t\t\t\t\t\t<div class=\"elementor-container elementor-column-gap-default\">\n\t\t\t\t\t<div class=\"elementor-column elementor-col-50 elementor-top-column elementor-element elementor-element-411bf9b3\" data-id=\"411bf9b3\" data-element_type=\"column\" data-e-type=\"column\" data-settings=\"{&quot;background_background&quot;:&quot;classic&quot;}\">\n\t\t\t<div class=\"elementor-widget-wrap elementor-element-populated\">\n\t\t\t\t\t\t<section class=\"elementor-section elementor-inner-section elementor-element elementor-element-1fba3835 elementor-section-full_width elementor-section-height-default elementor-section-height-default\" data-id=\"1fba3835\" data-element_type=\"section\" data-e-type=\"section\" data-settings=\"{&quot;background_background&quot;:&quot;video&quot;,&quot;background_video_link&quot;:&quot;.\\\/wp-content\\\/uploads\\\/blueberries.mp4&quot;,&quot;background_play_on_mobile&quot;:&quot;yes&quot;}\">\n\t\t\t\t\t\t\t\t<div class=\"elementor-background-video-container\">\n\t\t\t\t\t\t\t\t\t\t\t\t\t<video class=\"elementor-background-video-hosted\" role=\"presentation\" autoplay muted playsinline loop><\/video>\n\t\t\t\t\t\t\t\t\t\t\t<\/div>\n\t\t\t\t\t\t\t\t<div class=\"elementor-container elementor-column-gap-default\">\n\t\t\t\t\t<div class=\"elementor-column elementor-col-100 elementor-inner-column elementor-element elementor-element-cdb7b4\" data-id=\"cdb7b4\" data-element_type=\"column\" data-e-type=\"column\">\n\t\t\t<div class=\"elementor-widget-wrap elementor-element-populated\">\n\t\t\t\t\t\t<div class=\"elementor-element elementor-element-12d2bc8d elementor-widget elementor-widget-heading\" data-id=\"12d2bc8d\" data-element_type=\"widget\" data-e-type=\"widget\" data-widget_type=\"heading.default\">\n\t\t\t\t<div class=\"elementor-widget-container\">\n\t\t\t\t\t<h2 class=\"elementor-heading-title elementor-size-default\">Concoctez quelque chose d\u2019extraordinaire.<\/h2>\t\t\t\t<\/div>\n\t\t\t\t<\/div>\n\t\t\t\t<div class=\"elementor-element elementor-element-70ed418a elementor-widget elementor-widget-text-editor\" data-id=\"70ed418a\" data-element_type=\"widget\" data-e-type=\"widget\" data-widget_type=\"text-editor.default\">\n\t\t\t\t<div class=\"elementor-widget-container\">\n\t\t\t\t\t\t\t\t\t<p>Des recettes faciles et des id\u00e9es cr\u00e9atives pour des collations et des repas d\u00e9licieux et sains. <\/p>\n\t\t\t\t\t\t\t\t<\/div>\n\t\t\t\t<\/div>\n\t\t\t\t<div class=\"elementor-element elementor-element-1e25601 elementor-align-center elementor-widget elementor-widget-button\" data-id=\"1e25601\" data-element_type=\"widget\" data-e-type=\"widget\" data-widget_type=\"button.default\">\n\t\t\t\t<div class=\"elementor-widget-container\">\n\t\t\t\t\t\t\t\t\t<div class=\"elementor-button-wrapper\">\n\t\t\t\t\t<a class=\"elementor-button elementor-button-link elementor-size-sm\" href=\"http:\/\/creamofwca.wpengine.com\/fr_ca\/recipes\/\">\n\t\t\t\t\t\t<span class=\"elementor-button-content-wrapper\">\n\t\t\t\t\t\t\t\t\t<span class=\"elementor-button-text\">VOIR TOUTES LES RECETTES<\/span>\n\t\t\t\t\t<\/span>\n\t\t\t\t\t<\/a>\n\t\t\t\t<\/div>\n\t\t\t\t\t\t\t\t<\/div>\n\t\t\t\t<\/div>\n\t\t\t\t\t<\/div>\n\t\t<\/div>\n\t\t\t\t\t<\/div>\n\t\t<\/section>\n\t\t\t\t\t<\/div>\n\t\t<\/div>\n\t\t\t\t<div class=\"elementor-column elementor-col-50 elementor-top-column elementor-element elementor-element-292993bd\" data-id=\"292993bd\" data-element_type=\"column\" data-e-type=\"column\" data-settings=\"{&quot;background_background&quot;:&quot;classic&quot;}\">\n\t\t\t<div class=\"elementor-widget-wrap elementor-element-populated\">\n\t\t\t\t\t\t<section class=\"elementor-section elementor-inner-section elementor-element elementor-element-b9b92b8 elementor-section-full_width elementor-section-height-default elementor-section-height-default\" data-id=\"b9b92b8\" data-element_type=\"section\" data-e-type=\"section\" data-settings=\"{&quot;background_background&quot;:&quot;classic&quot;}\">\n\t\t\t\t\t\t<div class=\"elementor-container elementor-column-gap-default\">\n\t\t\t\t\t<div class=\"elementor-column elementor-col-100 elementor-inner-column elementor-element elementor-element-3bd958d\" data-id=\"3bd958d\" data-element_type=\"column\" data-e-type=\"column\">\n\t\t\t<div class=\"elementor-widget-wrap elementor-element-populated\">\n\t\t\t\t\t\t<div class=\"elementor-element elementor-element-1628e52 elementor-widget elementor-widget-heading\" data-id=\"1628e52\" data-element_type=\"widget\" data-e-type=\"widget\" data-widget_type=\"heading.default\">\n\t\t\t\t<div class=\"elementor-widget-container\">\n\t\t\t\t\t<h2 class=\"elementor-heading-title elementor-size-default\">De d\u00e9licieuses bouch\u00e9es depuis plus de 125 ans<\/h2>\t\t\t\t<\/div>\n\t\t\t\t<\/div>\n\t\t\t\t<div class=\"elementor-element elementor-element-240fbc1 elementor-widget elementor-widget-text-editor\" data-id=\"240fbc1\" data-element_type=\"widget\" data-e-type=\"widget\" data-widget_type=\"text-editor.default\">\n\t\t\t\t<div class=\"elementor-widget-container\">\n\t\t\t\t\t\t\t\t\t<p>Depuis 1893, les familles canadiennes commencent leur journ\u00e9e avec Cream of Wheat.<\/p>\n\t\t\t\t\t\t\t\t<\/div>\n\t\t\t\t<\/div>\n\t\t\t\t<div class=\"elementor-element elementor-element-f3aaff8 elementor-align-center elementor-widget elementor-widget-button\" data-id=\"f3aaff8\" data-element_type=\"widget\" data-e-type=\"widget\" data-widget_type=\"button.default\">\n\t\t\t\t<div class=\"elementor-widget-container\">\n\t\t\t\t\t\t\t\t\t<div class=\"elementor-button-wrapper\">\n\t\t\t\t\t<a class=\"elementor-button elementor-button-link elementor-size-sm\" href=\"http:\/\/creamofwca.wpengine.com\/fr_ca\/about\/\">\n\t\t\t\t\t\t<span class=\"elementor-button-content-wrapper\">\n\t\t\t\t\t\t\t\t\t<span class=\"elementor-button-text\">EN SAVOIR PLUS<\/span>\n\t\t\t\t\t<\/span>\n\t\t\t\t\t<\/a>\n\t\t\t\t<\/div>\n\t\t\t\t\t\t\t\t<\/div>\n\t\t\t\t<\/div>\n\t\t\t\t\t<\/div>\n\t\t<\/div>\n\t\t\t\t\t<\/div>\n\t\t<\/section>\n\t\t\t\t\t<\/div>\n\t\t<\/div>\n\t\t\t\t\t<\/div>\n\t\t<\/section>\n\t\t\t\t<\/div>\n\t\t","protected":false},"excerpt":{"rendered":"<p>Vos matins ne seront plus jamais les m\u00eames. Cream of WheatMD. Un aliment tout simplement d\u00e9licieux qui r\u00e9chauffe et nourrit le corps et l\u2019esprit. Trouver votre saveur Nos saveurs sauront satisfaire toutes les fringales et humeurs, quel que soit votre horaire. De la version \u00e0 mijoter sur le feu \u00e0 celle pr\u00eate en quelques minutes [&hellip;]<\/p>\n","protected":false},"author":4,"featured_media":0,"parent":0,"menu_order":0,"comment_status":"closed","ping_status":"closed","template":"","meta":{"_acf_changed":false,"footnotes":""},"class_list":["post-8123","page","type-page","status-publish","hentry"],"acf":[],"yoast_head":"<!-- This site is optimized with the Yoast SEO Premium plugin v27.2 (Yoast SEO v27.2) - https:\/\/yoast.com\/product\/yoast-seo-premium-wordpress\/ -->\n<title>Home - Cream of Wheat\u00ae<\/title>\n<meta name=\"robots\" content=\"index, follow, max-snippet:-1, max-image-preview:large, max-video-preview:-1\" \/>\n<link rel=\"canonical\" href=\"https:\/\/creamofwheat.ca\/fr_ca\/\" \/>\n<meta property=\"og:locale\" content=\"fr_CA\" \/>\n<meta property=\"og:type\" content=\"article\" \/>\n<meta property=\"og:title\" content=\"Home\" \/>\n<meta property=\"og:description\" content=\"Vos matins ne seront plus jamais les m\u00eames. Cream of WheatMD. Un aliment tout simplement d\u00e9licieux qui r\u00e9chauffe et nourrit le corps et l\u2019esprit. Trouver votre saveur Nos saveurs sauront satisfaire toutes les fringales et humeurs, quel que soit votre horaire. De la version \u00e0 mijoter sur le feu \u00e0 celle pr\u00eate en quelques minutes [&hellip;]\" \/>\n<meta property=\"og:url\" content=\"https:\/\/creamofwheat.ca\/fr_ca\/\" \/>\n<meta property=\"og:site_name\" content=\"Cream of Wheat\u00ae\" \/>\n<meta property=\"article:publisher\" content=\"https:\/\/www.facebook.com\/CreamOfWheatCanada\" \/>\n<meta property=\"article:modified_time\" content=\"2021-04-23T15:53:23+00:00\" \/>\n<meta property=\"og:image\" content=\"https:\/\/creamofwheat.ca\/wp-content\/uploads\/default-og-image.jpg\" \/>\n\t<meta property=\"og:image:width\" content=\"1200\" \/>\n\t<meta property=\"og:image:height\" content=\"630\" \/>\n\t<meta property=\"og:image:type\" content=\"image\/jpeg\" \/>\n<meta name=\"twitter:card\" content=\"summary_large_image\" \/>\n<meta name=\"twitter:label1\" content=\"Estimation du temps de lecture\" \/>\n\t<meta name=\"twitter:data1\" content=\"1 minute\" \/>\n<script type=\"application\/ld+json\" class=\"yoast-schema-graph\">{\"@context\":\"https:\/\/schema.org\",\"@graph\":[{\"@type\":\"WebPage\",\"@id\":\"https:\/\/creamofwheat.ca\/fr_ca\/\",\"url\":\"https:\/\/creamofwheat.ca\/fr_ca\/\",\"name\":\"Home - Cream of Wheat\u00ae\",\"isPartOf\":{\"@id\":\"https:\/\/creamofwheat.ca\/#website\"},\"datePublished\":\"2020-10-14T15:43:09+00:00\",\"dateModified\":\"2021-04-23T15:53:23+00:00\",\"breadcrumb\":{\"@id\":\"https:\/\/creamofwheat.ca\/fr_ca\/#breadcrumb\"},\"inLanguage\":\"fr-CA\",\"potentialAction\":[{\"@type\":\"ReadAction\",\"target\":[\"https:\/\/creamofwheat.ca\/fr_ca\/\"]}]},{\"@type\":\"BreadcrumbList\",\"@id\":\"https:\/\/creamofwheat.ca\/fr_ca\/#breadcrumb\",\"itemListElement\":[{\"@type\":\"ListItem\",\"position\":1,\"name\":\"Home\",\"item\":\"https:\/\/creamofwheat.ca\/fr_ca\/\"},{\"@type\":\"ListItem\",\"position\":2,\"name\":\"Home\"}]},{\"@type\":\"WebSite\",\"@id\":\"https:\/\/creamofwheat.ca\/#website\",\"url\":\"https:\/\/creamofwheat.ca\/\",\"name\":\"Cream of Wheat\u00ae\",\"description\":\"Cream of Wheat Canada\u00ae\",\"publisher\":{\"@id\":\"https:\/\/creamofwheat.ca\/#organization\"},\"potentialAction\":[{\"@type\":\"SearchAction\",\"target\":{\"@type\":\"EntryPoint\",\"urlTemplate\":\"https:\/\/creamofwheat.ca\/?s={search_term_string}\"},\"query-input\":{\"@type\":\"PropertyValueSpecification\",\"valueRequired\":true,\"valueName\":\"search_term_string\"}}],\"inLanguage\":\"fr-CA\"},{\"@type\":\"Organization\",\"@id\":\"https:\/\/creamofwheat.ca\/#organization\",\"name\":\"Cream of Wheat\u00ae\",\"url\":\"https:\/\/creamofwheat.ca\/\",\"logo\":{\"@type\":\"ImageObject\",\"inLanguage\":\"fr-CA\",\"@id\":\"https:\/\/creamofwheat.ca\/#\/schema\/logo\/image\/\",\"url\":\"https:\/\/creamofwheat.ca\/wp-content\/uploads\/cream-of-wheat.png\",\"contentUrl\":\"https:\/\/creamofwheat.ca\/wp-content\/uploads\/cream-of-wheat.png\",\"width\":400,\"height\":212,\"caption\":\"Cream of Wheat\u00ae\"},\"image\":{\"@id\":\"https:\/\/creamofwheat.ca\/#\/schema\/logo\/image\/\"},\"sameAs\":[\"https:\/\/www.facebook.com\/CreamOfWheatCanada\"]}]}<\/script>\n<!-- \/ Yoast SEO Premium plugin. -->","yoast_head_json":{"title":"Home - Cream of Wheat\u00ae","robots":{"index":"index","follow":"follow","max-snippet":"max-snippet:-1","max-image-preview":"max-image-preview:large","max-video-preview":"max-video-preview:-1"},"canonical":"https:\/\/creamofwheat.ca\/fr_ca\/","og_locale":"fr_CA","og_type":"article","og_title":"Home","og_description":"Vos matins ne seront plus jamais les m\u00eames. Cream of WheatMD. Un aliment tout simplement d\u00e9licieux qui r\u00e9chauffe et nourrit le corps et l\u2019esprit. Trouver votre saveur Nos saveurs sauront satisfaire toutes les fringales et humeurs, quel que soit votre horaire. De la version \u00e0 mijoter sur le feu \u00e0 celle pr\u00eate en quelques minutes [&hellip;]","og_url":"https:\/\/creamofwheat.ca\/fr_ca\/","og_site_name":"Cream of Wheat\u00ae","article_publisher":"https:\/\/www.facebook.com\/CreamOfWheatCanada","article_modified_time":"2021-04-23T15:53:23+00:00","og_image":[{"width":1200,"height":630,"url":"https:\/\/creamofwheat.ca\/wp-content\/uploads\/default-og-image.jpg","type":"image\/jpeg"}],"twitter_card":"summary_large_image","twitter_misc":{"Estimation du temps de lecture":"1 minute"},"schema":{"@context":"https:\/\/schema.org","@graph":[{"@type":"WebPage","@id":"https:\/\/creamofwheat.ca\/fr_ca\/","url":"https:\/\/creamofwheat.ca\/fr_ca\/","name":"Home - Cream of Wheat\u00ae","isPartOf":{"@id":"https:\/\/creamofwheat.ca\/#website"},"datePublished":"2020-10-14T15:43:09+00:00","dateModified":"2021-04-23T15:53:23+00:00","breadcrumb":{"@id":"https:\/\/creamofwheat.ca\/fr_ca\/#breadcrumb"},"inLanguage":"fr-CA","potentialAction":[{"@type":"ReadAction","target":["https:\/\/creamofwheat.ca\/fr_ca\/"]}]},{"@type":"BreadcrumbList","@id":"https:\/\/creamofwheat.ca\/fr_ca\/#breadcrumb","itemListElement":[{"@type":"ListItem","position":1,"name":"Home","item":"https:\/\/creamofwheat.ca\/fr_ca\/"},{"@type":"ListItem","position":2,"name":"Home"}]},{"@type":"WebSite","@id":"https:\/\/creamofwheat.ca\/#website","url":"https:\/\/creamofwheat.ca\/","name":"Cream of Wheat\u00ae","description":"Cream of Wheat Canada\u00ae","publisher":{"@id":"https:\/\/creamofwheat.ca\/#organization"},"potentialAction":[{"@type":"SearchAction","target":{"@type":"EntryPoint","urlTemplate":"https:\/\/creamofwheat.ca\/?s={search_term_string}"},"query-input":{"@type":"PropertyValueSpecification","valueRequired":true,"valueName":"search_term_string"}}],"inLanguage":"fr-CA"},{"@type":"Organization","@id":"https:\/\/creamofwheat.ca\/#organization","name":"Cream of Wheat\u00ae","url":"https:\/\/creamofwheat.ca\/","logo":{"@type":"ImageObject","inLanguage":"fr-CA","@id":"https:\/\/creamofwheat.ca\/#\/schema\/logo\/image\/","url":"https:\/\/creamofwheat.ca\/wp-content\/uploads\/cream-of-wheat.png","contentUrl":"https:\/\/creamofwheat.ca\/wp-content\/uploads\/cream-of-wheat.png","width":400,"height":212,"caption":"Cream of Wheat\u00ae"},"image":{"@id":"https:\/\/creamofwheat.ca\/#\/schema\/logo\/image\/"},"sameAs":["https:\/\/www.facebook.com\/CreamOfWheatCanada"]}]}},"_links":{"self":[{"href":"https:\/\/creamofwheat.ca\/fr_ca\/wp-json\/wp\/v2\/pages\/8123","targetHints":{"allow":["GET"]}}],"collection":[{"href":"https:\/\/creamofwheat.ca\/fr_ca\/wp-json\/wp\/v2\/pages"}],"about":[{"href":"https:\/\/creamofwheat.ca\/fr_ca\/wp-json\/wp\/v2\/types\/page"}],"author":[{"embeddable":true,"href":"https:\/\/creamofwheat.ca\/fr_ca\/wp-json\/wp\/v2\/users\/4"}],"replies":[{"embeddable":true,"href":"https:\/\/creamofwheat.ca\/fr_ca\/wp-json\/wp\/v2\/comments?post=8123"}],"version-history":[{"count":0,"href":"https:\/\/creamofwheat.ca\/fr_ca\/wp-json\/wp\/v2\/pages\/8123\/revisions"}],"wp:attachment":[{"href":"https:\/\/creamofwheat.ca\/fr_ca\/wp-json\/wp\/v2\/media?parent=8123"}],"curies":[{"name":"wp","href":"https:\/\/api.w.org\/{rel}","templated":true}]}}